{"id":2,"date":"2024-11-04T17:06:42","date_gmt":"2024-11-04T17:06:42","guid":{"rendered":"https:\/\/kvaekerne.dk\/?page_id=2"},"modified":"2024-11-04T18:36:56","modified_gmt":"2024-11-04T18:36:56","slug":"kvaekerne-vennernes-religose-samfund","status":"publish","type":"page","link":"https:\/\/kvaekerne.dk\/","title":{"rendered":"Kv\u00e6kerne &#8211; Vennernes Relig\u00f8se Samfund"},"content":{"rendered":"\n<p><\/p>\n\n\n\n<p>Dette er Kv\u00e6kerne i Danmarks hjemmeside. Vi er i \u00f8jeblikket i gang med at genopbygge den &#8211; vend tilbage for mere information.<\/p>\n\n\n\n<p>I mellemtiden opfordrer vi dig til at tage til en af vores andagter &#8211; 1. og 3. s\u00f8ndag i m\u00e5neden i K\u00f8benhavn, eller ca hver 6. uge i \u00c5rhus.<\/p>\n\n\n\n<p><\/p>\n","protected":false},"excerpt":{"rendered":"<p>Dette er Kv\u00e6kerne i Danmarks hjemmeside. Vi er i \u00f8jeblikket i gang med at genopbygge den &#8211; vend tilbage for mere information. I mellemtiden opfordrer vi dig til at tage til en af vores andagter &#8211; 1. og 3. s\u00f8ndag i m\u00e5neden i K\u00f8benhavn, eller ca hver 6. uge i \u00c5rhus.<\/p>\n","protected":false},"author":1,"featured_media":0,"parent":0,"menu_order":0,"comment_status":"closed","ping_status":"open","template":"","meta":{"footnotes":""},"class_list":["post-2","page","type-page","status-publish","hentry"],"_links":{"self":[{"href":"https:\/\/kvaekerne.dk\/index.php\/wp-json\/wp\/v2\/pages\/2","targetHints":{"allow":["GET"]}}],"collection":[{"href":"https:\/\/kvaekerne.dk\/index.php\/wp-json\/wp\/v2\/pages"}],"about":[{"href":"https:\/\/kvaekerne.dk\/index.php\/wp-json\/wp\/v2\/types\/page"}],"author":[{"embeddable":true,"href":"https:\/\/kvaekerne.dk\/index.php\/wp-json\/wp\/v2\/users\/1"}],"replies":[{"embeddable":true,"href":"https:\/\/kvaekerne.dk\/index.php\/wp-json\/wp\/v2\/comments?post=2"}],"version-history":[{"count":2,"href":"https:\/\/kvaekerne.dk\/index.php\/wp-json\/wp\/v2\/pages\/2\/revisions"}],"predecessor-version":[{"id":14,"href":"https:\/\/kvaekerne.dk\/index.php\/wp-json\/wp\/v2\/pages\/2\/revisions\/14"}],"wp:attachment":[{"href":"https:\/\/kvaekerne.dk\/index.php\/wp-json\/wp\/v2\/media?parent=2"}],"curies":[{"name":"wp","href":"https:\/\/api.w.org\/{rel}","templated":true}]}}